{"id":110,"date":"2026-02-13T18:24:14","date_gmt":"2026-02-13T18:24:14","guid":{"rendered":"https:\/\/heavytoolscompany.com\/?page_id=110"},"modified":"2026-04-17T17:17:55","modified_gmt":"2026-04-17T17:17:55","slug":"masthead","status":"publish","type":"page","link":"https:\/\/heavytoolscompany.com\/en\/impresszum\/","title":{"rendered":"masthead"},"content":{"rendered":"<div data-elementor-type=\"wp-page\" data-elementor-id=\"110\" class=\"elementor elementor-110\" data-elementor-post-type=\"page\">\n\t\t\t\t<div class=\"elementor-element elementor-element-5d8f065 e-flex e-con-boxed e-con e-parent\" data-id=\"5d8f065\" data-element_type=\"container\" data-e-type=\"container\" data-settings=\"{&quot;jet_parallax_layout_list&quot;:[]}\">\n\t\t\t\t\t<div class=\"e-con-inner\">\n\t\t\t\t<div class=\"elementor-element elementor-element-f53feb2 elementor-widget elementor-widget-heading\" data-id=\"f53feb2\" data-element_type=\"widget\" data-e-type=\"widget\" data-widget_type=\"heading.default\">\n\t\t\t\t\t<h2 class=\"elementor-heading-title elementor-size-default\">masthead<\/h2>\t\t\t\t<\/div>\n\t\t\t\t<div class=\"elementor-element elementor-element-13da9ba elementor-widget elementor-widget-text-editor\" data-id=\"13da9ba\" data-element_type=\"widget\" data-e-type=\"widget\" data-widget_type=\"text-editor.default\">\n\t\t\t\t\t\t\t\t\t<ol><li><strong> DETAILS OF THE OPERATOR<\/strong><\/li><\/ol><p style=\"font-weight: 400;\">Name of operator: Premium Sport Kft.<br \/>The operator is located at Kunigunda \u00fatja 70\/A, 1037 Budapest, Hungary.<br \/>Postal address of the operator: 1037 Budapest, Kunigunda \u00fatja 70\/A.<br \/>Registration number of the operator at the Trade Court: 01-09-888925<br \/>Operator's fiscal code: 14101087-2-41<br \/>EU tax number of the operator: HU14101087<\/p><p style=\"font-weight: 400;\">Bank account number of the operator:<\/p><p style=\"font-weight: 400;\">HUF 10401055-50526655-72801002<\/p><p style=\"font-weight: 400;\">EUR 10401055-50526655-72801019<\/p><p style=\"font-weight: 400;\">USD 10401055-50526655-72801026<\/p><p style=\"font-weight: 400;\">IBAN number:<\/p><p style=\"font-weight: 400;\">HUF HU21 1040 1055 5052 6655 7280 1002<\/p><p style=\"font-weight: 400;\">EUR HU47 1040 1055 5052 6655 7280 1019<\/p><p style=\"font-weight: 400;\">USD HU52 1040 1055 5052 6655 7280 1026<\/p><p style=\"font-weight: 400;\">BIC (SWIFT): OKHBHUHB<\/p><ol start=\"2\"><li style=\"font-weight: 400;\"><strong> CONTACT DETAILS OF THE OPERATOR<\/strong><\/li><\/ol><p style=\"font-weight: 400;\">Customer service:\u00a0<a href=\"mailto:ugyfelszolgalat@heavytools.com\">ugyfelszolgalat@heavytools.com<\/a><br \/>Telephone: + 36 1 443 3906<\/p><ol start=\"3\"><li style=\"font-weight: 400;\"><strong> THE OPERATOR'S WEBSITE HOSTING PROVIDER<\/strong><\/li><\/ol><p style=\"font-weight: 400;\">Name: DEVBOX Ltd.<\/p><p style=\"font-weight: 400;\">Address: 7054 Tengelic, R\u00e1k\u00f3czi Ferenc u. 9.<\/p><p style=\"font-weight: 400;\">Availability:\u00a0<a href=\"mailto:support@devbox.hu\">support@devbox.hu<\/a><\/p>\t\t\t\t\t\t\t\t<\/div>\n\t\t\t\t\t<\/div>\n\t\t\t\t<\/div>\n\t\t\t\t<\/div>","protected":false},"excerpt":{"rendered":"<p>Impresszum AZ \u00dcZEMELTET\u0150 ADATAI Az \u00fczemeltet\u0151 neve: Premium Sport Kft.Az \u00fczemeltet\u0151 sz\u00e9khelye: 1037 Budapest, Kunigunda \u00fatja 70\/A.Az \u00fczemeltet\u0151 postac\u00edme: 1037 Budapest, Kunigunda \u00fatja 70\/A.Az \u00fczemeltet\u0151 c\u00e9gb\u00edr\u00f3s\u00e1gi bejegyz\u00e9si sz\u00e1ma: 01-09-888925Az \u00fczemeltet\u0151 ad\u00f3sz\u00e1ma: 14101087-2-41Az \u00fczemeltet\u0151 EU ad\u00f3sz\u00e1ma: HU14101087 Az \u00fczemeltet\u0151 banksz\u00e1mlasz\u00e1ma: HUF\u00a0\u00a0\u00a0\u00a0\u00a0 10401055-50526655-72801002 EUR\u00a0\u00a0\u00a0\u00a0\u00a0 10401055-50526655-72801019 USD\u00a0\u00a0\u00a0\u00a0\u00a0 10401055-50526655-72801026 IBAN sz\u00e1m: HUF\u00a0\u00a0\u00a0\u00a0\u00a0 HU21 1040 1055 5052 6655 7280 1002 [&hellip;]<\/p>\n","protected":false},"author":1,"featured_media":0,"parent":0,"menu_order":0,"comment_status":"closed","ping_status":"closed","template":"elementor_header_footer","meta":{"footnotes":""},"class_list":["post-110","page","type-page","status-publish","hentry"],"_links":{"self":[{"href":"https:\/\/heavytoolscompany.com\/en\/wp-json\/wp\/v2\/pages\/110","targetHints":{"allow":["GET"]}}],"collection":[{"href":"https:\/\/heavytoolscompany.com\/en\/wp-json\/wp\/v2\/pages"}],"about":[{"href":"https:\/\/heavytoolscompany.com\/en\/wp-json\/wp\/v2\/types\/page"}],"author":[{"embeddable":true,"href":"https:\/\/heavytoolscompany.com\/en\/wp-json\/wp\/v2\/users\/1"}],"replies":[{"embeddable":true,"href":"https:\/\/heavytoolscompany.com\/en\/wp-json\/wp\/v2\/comments?post=110"}],"version-history":[{"count":7,"href":"https:\/\/heavytoolscompany.com\/en\/wp-json\/wp\/v2\/pages\/110\/revisions"}],"predecessor-version":[{"id":507,"href":"https:\/\/heavytoolscompany.com\/en\/wp-json\/wp\/v2\/pages\/110\/revisions\/507"}],"wp:attachment":[{"href":"https:\/\/heavytoolscompany.com\/en\/wp-json\/wp\/v2\/media?parent=110"}],"curies":[{"name":"wp","href":"https:\/\/api.w.org\/{rel}","templated":true}]}}